{"id":100,"date":"2024-03-15T13:50:46","date_gmt":"2024-03-15T12:50:46","guid":{"rendered":"http:\/\/localhost\/framepic\/our-creation\/"},"modified":"2025-11-14T22:30:33","modified_gmt":"2025-11-14T21:30:33","slug":"videoproduction-portfolio","status":"publish","type":"page","link":"https:\/\/framepic.tomvo.space\/en\/videoproduction-portfolio\/","title":{"rendered":"WHAT ARE WE ABLE TO CREATE?"},"content":{"rendered":"","protected":false},"excerpt":{"rendered":"","protected":false},"author":1,"featured_media":0,"parent":0,"menu_order":12,"comment_status":"closed","ping_status":"closed","template":"templates\/portfolio-template.php","meta":{"_acf_changed":false,"footnotes":""},"class_list":["post-100","page","type-page","status-publish","hentry"],"acf":[],"yoast_head":"<!-- This site is optimized with the Yoast SEO plugin v22.2 - https:\/\/yoast.com\/wordpress\/plugins\/seo\/ -->\n<title>Portfolio - Framepic<\/title>\n<meta name=\"description\" content=\"Tvo\u0159\u00edme kreativn\u00ed a v\u00fdkonn\u00fd obsah na soc. s\u00edt\u011b pro firmy a zna\u010dky \u2013 od brandov\u00fdch spot\u016f p\u0159es vir\u00e1ln\u00ed Reels, n\u00e1borov\u00e9 a\u017e po eventov\u00e9 videa.\" \/>\n<meta name=\"robots\" content=\"index, follow, max-snippet:-1, max-image-preview:large, max-video-preview:-1\" \/>\n<link rel=\"canonical\" href=\"https:\/\/framepic.tomvo.space\/en\/videoproduction-portfolio\/\" \/>\n<meta property=\"og:locale\" content=\"en_US\" \/>\n<meta property=\"og:type\" content=\"article\" \/>\n<meta property=\"og:title\" content=\"Portfolio - Framepic\" \/>\n<meta property=\"og:description\" content=\"Tvo\u0159\u00edme kreativn\u00ed a v\u00fdkonn\u00fd obsah na soc. s\u00edt\u011b pro firmy a zna\u010dky \u2013 od brandov\u00fdch spot\u016f p\u0159es vir\u00e1ln\u00ed Reels, n\u00e1borov\u00e9 a\u017e po eventov\u00e9 videa.\" \/>\n<meta property=\"og:url\" content=\"https:\/\/framepic.tomvo.space\/en\/videoproduction-portfolio\/\" \/>\n<meta property=\"og:site_name\" content=\"Framepic\" \/>\n<meta property=\"article:modified_time\" content=\"2025-11-14T21:30:33+00:00\" \/>\n<meta name=\"twitter:card\" content=\"summary_large_image\" \/>\n<script type=\"application\/ld+json\" class=\"yoast-schema-graph\">{\"@context\":\"https:\/\/schema.org\",\"@graph\":[{\"@type\":\"WebPage\",\"@id\":\"https:\/\/framepic.tomvo.space\/en\/videoproduction-portfolio\/\",\"url\":\"https:\/\/framepic.tomvo.space\/en\/videoproduction-portfolio\/\",\"name\":\"Portfolio - Framepic\",\"isPartOf\":{\"@id\":\"https:\/\/framepic.tomvo.space\/en\/#website\"},\"datePublished\":\"2024-03-15T12:50:46+00:00\",\"dateModified\":\"2025-11-14T21:30:33+00:00\",\"description\":\"Tvo\u0159\u00edme kreativn\u00ed a v\u00fdkonn\u00fd obsah na soc. s\u00edt\u011b pro firmy a zna\u010dky \u2013 od brandov\u00fdch spot\u016f p\u0159es vir\u00e1ln\u00ed Reels, n\u00e1borov\u00e9 a\u017e po eventov\u00e9 videa.\",\"breadcrumb\":{\"@id\":\"https:\/\/framepic.tomvo.space\/en\/videoproduction-portfolio\/#breadcrumb\"},\"inLanguage\":\"en-US\",\"potentialAction\":[{\"@type\":\"ReadAction\",\"target\":[\"https:\/\/framepic.tomvo.space\/en\/videoproduction-portfolio\/\"]}]},{\"@type\":\"BreadcrumbList\",\"@id\":\"https:\/\/framepic.tomvo.space\/en\/videoproduction-portfolio\/#breadcrumb\",\"itemListElement\":[{\"@type\":\"ListItem\",\"position\":1,\"name\":\"Dom\u016f\",\"item\":\"https:\/\/framepic.tomvo.space\/en\/\"},{\"@type\":\"ListItem\",\"position\":2,\"name\":\"WHAT ARE WE ABLE TO CREATE?\"}]},{\"@type\":\"WebSite\",\"@id\":\"https:\/\/framepic.tomvo.space\/en\/#website\",\"url\":\"https:\/\/framepic.tomvo.space\/en\/\",\"name\":\"Framepic\",\"description\":\"Social media videoproduction\",\"potentialAction\":[{\"@type\":\"SearchAction\",\"target\":{\"@type\":\"EntryPoint\",\"urlTemplate\":\"https:\/\/framepic.tomvo.space\/en\/?s={search_term_string}\"},\"query-input\":\"required name=search_term_string\"}],\"inLanguage\":\"en-US\"}]}<\/script>\n<!-- \/ Yoast SEO plugin. -->","yoast_head_json":{"title":"Portfolio - Framepic","description":"Tvo\u0159\u00edme kreativn\u00ed a v\u00fdkonn\u00fd obsah na soc. s\u00edt\u011b pro firmy a zna\u010dky \u2013 od brandov\u00fdch spot\u016f p\u0159es vir\u00e1ln\u00ed Reels, n\u00e1borov\u00e9 a\u017e po eventov\u00e9 videa.","robots":{"index":"index","follow":"follow","max-snippet":"max-snippet:-1","max-image-preview":"max-image-preview:large","max-video-preview":"max-video-preview:-1"},"canonical":"https:\/\/framepic.tomvo.space\/en\/videoproduction-portfolio\/","og_locale":"en_US","og_type":"article","og_title":"Portfolio - Framepic","og_description":"Tvo\u0159\u00edme kreativn\u00ed a v\u00fdkonn\u00fd obsah na soc. s\u00edt\u011b pro firmy a zna\u010dky \u2013 od brandov\u00fdch spot\u016f p\u0159es vir\u00e1ln\u00ed Reels, n\u00e1borov\u00e9 a\u017e po eventov\u00e9 videa.","og_url":"https:\/\/framepic.tomvo.space\/en\/videoproduction-portfolio\/","og_site_name":"Framepic","article_modified_time":"2025-11-14T21:30:33+00:00","twitter_card":"summary_large_image","schema":{"@context":"https:\/\/schema.org","@graph":[{"@type":"WebPage","@id":"https:\/\/framepic.tomvo.space\/en\/videoproduction-portfolio\/","url":"https:\/\/framepic.tomvo.space\/en\/videoproduction-portfolio\/","name":"Portfolio - Framepic","isPartOf":{"@id":"https:\/\/framepic.tomvo.space\/en\/#website"},"datePublished":"2024-03-15T12:50:46+00:00","dateModified":"2025-11-14T21:30:33+00:00","description":"Tvo\u0159\u00edme kreativn\u00ed a v\u00fdkonn\u00fd obsah na soc. s\u00edt\u011b pro firmy a zna\u010dky \u2013 od brandov\u00fdch spot\u016f p\u0159es vir\u00e1ln\u00ed Reels, n\u00e1borov\u00e9 a\u017e po eventov\u00e9 videa.","breadcrumb":{"@id":"https:\/\/framepic.tomvo.space\/en\/videoproduction-portfolio\/#breadcrumb"},"inLanguage":"en-US","potentialAction":[{"@type":"ReadAction","target":["https:\/\/framepic.tomvo.space\/en\/videoproduction-portfolio\/"]}]},{"@type":"BreadcrumbList","@id":"https:\/\/framepic.tomvo.space\/en\/videoproduction-portfolio\/#breadcrumb","itemListElement":[{"@type":"ListItem","position":1,"name":"Dom\u016f","item":"https:\/\/framepic.tomvo.space\/en\/"},{"@type":"ListItem","position":2,"name":"WHAT ARE WE ABLE TO CREATE?"}]},{"@type":"WebSite","@id":"https:\/\/framepic.tomvo.space\/en\/#website","url":"https:\/\/framepic.tomvo.space\/en\/","name":"Framepic","description":"Social media videoproduction","potentialAction":[{"@type":"SearchAction","target":{"@type":"EntryPoint","urlTemplate":"https:\/\/framepic.tomvo.space\/en\/?s={search_term_string}"},"query-input":"required name=search_term_string"}],"inLanguage":"en-US"}]}},"_links":{"self":[{"href":"https:\/\/framepic.tomvo.space\/en\/wp-json\/wp\/v2\/pages\/100","targetHints":{"allow":["GET"]}}],"collection":[{"href":"https:\/\/framepic.tomvo.space\/en\/wp-json\/wp\/v2\/pages"}],"about":[{"href":"https:\/\/framepic.tomvo.space\/en\/wp-json\/wp\/v2\/types\/page"}],"author":[{"embeddable":true,"href":"https:\/\/framepic.tomvo.space\/en\/wp-json\/wp\/v2\/users\/1"}],"replies":[{"embeddable":true,"href":"https:\/\/framepic.tomvo.space\/en\/wp-json\/wp\/v2\/comments?post=100"}],"version-history":[{"count":13,"href":"https:\/\/framepic.tomvo.space\/en\/wp-json\/wp\/v2\/pages\/100\/revisions"}],"predecessor-version":[{"id":2048,"href":"https:\/\/framepic.tomvo.space\/en\/wp-json\/wp\/v2\/pages\/100\/revisions\/2048"}],"wp:attachment":[{"href":"https:\/\/framepic.tomvo.space\/en\/wp-json\/wp\/v2\/media?parent=100"}],"curies":[{"name":"wp","href":"https:\/\/api.w.org\/{rel}","templated":true}]}}